{"id":35,"date":"2022-08-16T13:05:33","date_gmt":"2022-08-16T13:05:33","guid":{"rendered":"https:\/\/demo.skyandstars.co\/demotheme\/?page_id=35"},"modified":"2024-08-08T05:38:37","modified_gmt":"2024-08-08T09:38:37","slug":"contact","status":"publish","type":"page","link":"https:\/\/flicksandfancy.com\/fr\/contact\/","title":{"rendered":"Contact"},"content":{"rendered":"<style>.kb-row-layout-id35_12e984-e3 > .kt-row-column-wrap{align-content:start;}:where(.kb-row-layout-id35_12e984-e3 > .kt-row-column-wrap) > .wp-block-kadence-column{justify-content:start;}.kb-row-layout-id35_12e984-e3 > .kt-row-column-wrap{column-gap:var(--global-kb-gap-md, 2rem);row-gap:var(--global-kb-gap-md, 2rem);padding-top:var(--global-kb-spacing-lg, 3rem);padding-bottom:var(--global-kb-spacing-lg, 3rem);grid-template-columns:repeat(2, minmax(0, 1fr));}.kb-row-layout-id35_12e984-e3 > .kt-row-layout-overlay{opacity:0.30;}@media all and (max-width: 1024px){.kb-row-layout-id35_12e984-e3 > .kt-row-column-wrap{grid-template-columns:repeat(2, minmax(0, 1fr));}}@media all and (max-width: 767px){.kb-row-layout-id35_12e984-e3 > .kt-row-column-wrap{grid-template-columns:minmax(0, 1fr);}}<\/style><div class=\"kb-row-layout-wrap kb-row-layout-id35_12e984-e3 alignnone wp-block-kadence-rowlayout\"><div class=\"kt-row-column-wrap kt-has-2-columns kt-row-layout-equal kt-tab-layout-inherit kt-mobile-layout-row kt-row-valign-top\">\n<style>.kadence-column35_31f9d9-1f > .kt-inside-inner-col,.kadence-column35_31f9d9-1f > .kt-inside-inner-col:before{border-top-left-radius:0px;border-top-right-radius:0px;border-bottom-right-radius:0px;border-bottom-left-radius:0px;}.kadence-column35_31f9d9-1f > .kt-inside-inner-col{column-gap:var(--global-kb-gap-sm, 1rem);}.kadence-column35_31f9d9-1f > .kt-inside-inner-col{flex-direction:column;}.kadence-column35_31f9d9-1f > .kt-inside-inner-col > .aligncenter{width:100%;}.kadence-column35_31f9d9-1f > .kt-inside-inner-col:before{opacity:0.3;}.kadence-column35_31f9d9-1f{position:relative;}@media all and (max-width: 1024px){.kadence-column35_31f9d9-1f > .kt-inside-inner-col{flex-direction:column;}}@media all and (max-width: 767px){.kadence-column35_31f9d9-1f > .kt-inside-inner-col{flex-direction:column;}}<\/style>\n<div class=\"wp-block-kadence-column kadence-column35_31f9d9-1f inner-column-1\"><div class=\"kt-inside-inner-col\"><style>.kadence-column35_d20776-33 > .kt-inside-inner-col,.kadence-column35_d20776-33 > .kt-inside-inner-col:before{border-top-left-radius:0px;border-top-right-radius:0px;border-bottom-right-radius:0px;border-bottom-left-radius:0px;}.kadence-column35_d20776-33 > .kt-inside-inner-col{column-gap:var(--global-kb-gap-sm, 1rem);}.kadence-column35_d20776-33 > .kt-inside-inner-col{flex-direction:column;}.kadence-column35_d20776-33 > .kt-inside-inner-col > .aligncenter{width:100%;}.kadence-column35_d20776-33 > .kt-inside-inner-col:before{opacity:0.3;}.kadence-column35_d20776-33{position:relative;}@media all and (max-width: 1024px){.kadence-column35_d20776-33 > .kt-inside-inner-col{flex-direction:column;}}@media all and (max-width: 767px){.kadence-column35_d20776-33 > .kt-inside-inner-col{flex-direction:column;}}<\/style>\n<div class=\"wp-block-kadence-column kadence-column35_d20776-33\"><div class=\"kt-inside-inner-col\"><style>.kb-image35_ae5674-7f .kb-image-has-overlay:after{opacity:0.3;}@media all and (max-width: 767px){.wp-block-kadence-image.kb-image35_ae5674-7f:not(.kb-specificity-added):not(.kb-extra-specificity-added){margin-bottom:var(--global-kb-spacing-lg, 3rem);}}<\/style>\n<figure class=\"wp-block-kadence-image kb-image35_ae5674-7f size-large\"><img loading=\"lazy\" decoding=\"async\" width=\"864\" height=\"1024\" src=\"https:\/\/flicksandfancy.com\/wp-content\/uploads\/2024\/08\/contacts-864x1024.jpg\" alt=\"\" class=\"kb-img wp-image-2298\" srcset=\"https:\/\/flicksandfancy.com\/wp-content\/uploads\/2024\/08\/contacts-864x1024.jpg 864w, https:\/\/flicksandfancy.com\/wp-content\/uploads\/2024\/08\/contacts-253x300.jpg 253w, https:\/\/flicksandfancy.com\/wp-content\/uploads\/2024\/08\/contacts-768x911.jpg 768w, https:\/\/flicksandfancy.com\/wp-content\/uploads\/2024\/08\/contacts-1295x1536.jpg 1295w, https:\/\/flicksandfancy.com\/wp-content\/uploads\/2024\/08\/contacts-1727x2048.jpg 1727w, https:\/\/flicksandfancy.com\/wp-content\/uploads\/2024\/08\/contacts-10x12.jpg 10w, https:\/\/flicksandfancy.com\/wp-content\/uploads\/2024\/08\/contacts.jpg 1840w\" sizes=\"auto, (max-width: 864px) 100vw, 864px\" \/><\/figure>\n<\/div><\/div>\n<\/div><\/div>\n\n\n<style>.kadence-column35_9f8cb8-f3 > .kt-inside-inner-col{display:flex;}.kadence-column35_9f8cb8-f3 > .kt-inside-inner-col,.kadence-column35_9f8cb8-f3 > .kt-inside-inner-col:before{border-top-left-radius:0px;border-top-right-radius:0px;border-bottom-right-radius:0px;border-bottom-left-radius:0px;}.kadence-column35_9f8cb8-f3 > .kt-inside-inner-col{column-gap:var(--global-kb-gap-sm, 1rem);}.kadence-column35_9f8cb8-f3 > .kt-inside-inner-col{flex-direction:column;justify-content:center;}.kadence-column35_9f8cb8-f3 > .kt-inside-inner-col > .aligncenter{width:100%;}.kt-row-column-wrap > .kadence-column35_9f8cb8-f3{align-self:center;}.kt-inner-column-height-full:not(.kt-has-1-columns) > .wp-block-kadence-column.kadence-column35_9f8cb8-f3{align-self:auto;}.kt-inner-column-height-full:not(.kt-has-1-columns) > .wp-block-kadence-column.kadence-column35_9f8cb8-f3 > .kt-inside-inner-col{flex-direction:column;justify-content:center;}.kadence-column35_9f8cb8-f3 > .kt-inside-inner-col:before{opacity:0.3;}.kadence-column35_9f8cb8-f3{position:relative;}@media all and (max-width: 1024px){.kt-row-column-wrap > .kadence-column35_9f8cb8-f3{align-self:center;}}@media all and (max-width: 1024px){.kt-inner-column-height-full:not(.kt-has-1-columns) > .wp-block-kadence-column.kadence-column35_9f8cb8-f3{align-self:auto;}}@media all and (max-width: 1024px){.kt-inner-column-height-full:not(.kt-has-1-columns) > .wp-block-kadence-column.kadence-column35_9f8cb8-f3 > .kt-inside-inner-col{flex-direction:column;justify-content:center;}}@media all and (max-width: 1024px){.kadence-column35_9f8cb8-f3 > .kt-inside-inner-col{flex-direction:column;}}@media all and (max-width: 767px){.kt-row-column-wrap > .kadence-column35_9f8cb8-f3{align-self:center;}.kt-inner-column-height-full:not(.kt-has-1-columns) > .wp-block-kadence-column.kadence-column35_9f8cb8-f3{align-self:auto;}.kt-inner-column-height-full:not(.kt-has-1-columns) > .wp-block-kadence-column.kadence-column35_9f8cb8-f3 > .kt-inside-inner-col{flex-direction:column;justify-content:center;}.kadence-column35_9f8cb8-f3 > .kt-inside-inner-col{flex-direction:column;}}<\/style>\n<div class=\"wp-block-kadence-column kadence-column35_9f8cb8-f3 inner-column-2\"><div class=\"kt-inside-inner-col\"><style>.wp-block-kadence-advancedheading.kt-adv-heading35_4ce6c2-73, .wp-block-kadence-advancedheading.kt-adv-heading35_4ce6c2-73[data-kb-block=\"kb-adv-heading35_4ce6c2-73\"]{margin-top:-50px;text-align:center;font-size:var(--global-kb-font-size-xl, 3rem);font-style:normal;}.wp-block-kadence-advancedheading.kt-adv-heading35_4ce6c2-73 mark.kt-highlight, .wp-block-kadence-advancedheading.kt-adv-heading35_4ce6c2-73[data-kb-block=\"kb-adv-heading35_4ce6c2-73\"] mark.kt-highlight{font-style:normal;color:#f76a0c;-webkit-box-decoration-break:clone;box-decoration-break:clone;padding-top:0px;padding-right:0px;padding-bottom:0px;padding-left:0px;}<\/style>\n<h4 class=\"kt-adv-heading35_4ce6c2-73 wp-block-kadence-advancedheading\" data-kb-block=\"kb-adv-heading35_4ce6c2-73\">Contactez-moi<\/h4>\n\n\n\n<p class=\"has-text-align-center\">Hello!<\/p>\n\n\n\n<p class=\"has-text-align-center\">Merci de votre int\u00e9r\u00eat pour Flicks(and)Fancy. Pour me contacter, il vous suffit de remplir le formulaire de contact, et je vous r\u00e9pondrai en un rien de temps !<\/p>\n\n\n<style>.kb-row-layout-id35_1dd94c-20 > .kt-row-column-wrap{align-content:center;}:where(.kb-row-layout-id35_1dd94c-20 > .kt-row-column-wrap) > .wp-block-kadence-column{justify-content:center;}.kb-row-layout-id35_1dd94c-20 > .kt-row-column-wrap{column-gap:var(--global-kb-gap-md, 2rem);row-gap:var(--global-kb-gap-md, 2rem);padding-top:var(--global-kb-spacing-md, 2rem);padding-bottom:var(--global-kb-spacing-sm, 1.5rem);grid-template-columns:minmax(0, 1fr);}.kb-row-layout-id35_1dd94c-20 > .kt-row-layout-overlay{opacity:0.30;}@media all and (max-width: 1024px){.kb-row-layout-id35_1dd94c-20 > .kt-row-column-wrap{grid-template-columns:minmax(0, 1fr);}}@media all and (max-width: 767px){.kb-row-layout-id35_1dd94c-20 > .kt-row-column-wrap{grid-template-columns:minmax(0, 1fr);}}<\/style><div class=\"kb-row-layout-wrap kb-row-layout-id35_1dd94c-20 alignnone has-theme-palette1-background-color kt-row-has-bg wp-block-kadence-rowlayout\"><div class=\"kt-row-column-wrap kt-has-1-columns kt-row-layout-equal kt-tab-layout-inherit kt-mobile-layout-row kt-row-valign-middle\">\n<style>.kadence-column35_074705-e2 > .kt-inside-inner-col{display:flex;}.kadence-column35_074705-e2 > .kt-inside-inner-col,.kadence-column35_074705-e2 > .kt-inside-inner-col:before{border-top-left-radius:0px;border-top-right-radius:0px;border-bottom-right-radius:0px;border-bottom-left-radius:0px;}.kadence-column35_074705-e2 > .kt-inside-inner-col{column-gap:var(--global-kb-gap-sm, 1rem);}.kadence-column35_074705-e2 > .kt-inside-inner-col{flex-direction:column;justify-content:center;}.kadence-column35_074705-e2 > .kt-inside-inner-col > .aligncenter{width:100%;}.kt-row-column-wrap > .kadence-column35_074705-e2{align-self:center;}.kt-inner-column-height-full:not(.kt-has-1-columns) > .wp-block-kadence-column.kadence-column35_074705-e2{align-self:auto;}.kt-inner-column-height-full:not(.kt-has-1-columns) > .wp-block-kadence-column.kadence-column35_074705-e2 > .kt-inside-inner-col{flex-direction:column;justify-content:center;}.kadence-column35_074705-e2 > .kt-inside-inner-col:before{opacity:0.3;}.kadence-column35_074705-e2{position:relative;}@media all and (max-width: 1024px){.kt-row-column-wrap > .kadence-column35_074705-e2{align-self:center;}}@media all and (max-width: 1024px){.kt-inner-column-height-full:not(.kt-has-1-columns) > .wp-block-kadence-column.kadence-column35_074705-e2{align-self:auto;}}@media all and (max-width: 1024px){.kt-inner-column-height-full:not(.kt-has-1-columns) > .wp-block-kadence-column.kadence-column35_074705-e2 > .kt-inside-inner-col{flex-direction:column;justify-content:center;}}@media all and (max-width: 1024px){.kadence-column35_074705-e2 > .kt-inside-inner-col{flex-direction:column;}}@media all and (max-width: 767px){.kt-row-column-wrap > .kadence-column35_074705-e2{align-self:center;}.kt-inner-column-height-full:not(.kt-has-1-columns) > .wp-block-kadence-column.kadence-column35_074705-e2{align-self:auto;}.kt-inner-column-height-full:not(.kt-has-1-columns) > .wp-block-kadence-column.kadence-column35_074705-e2 > .kt-inside-inner-col{flex-direction:column;justify-content:center;}.kadence-column35_074705-e2 > .kt-inside-inner-col{flex-direction:column;}}<\/style>\n<div class=\"wp-block-kadence-column kadence-column35_074705-e2 inner-column-1\"><div class=\"kt-inside-inner-col\"><style>.kadence-form-35_160998-35 .kb-form .kadence-blocks-form-field .kb-forms-submit{border-radius:0px;border-width:0px 0px 0px 0px;}.kadence-form-35_160998-35 .kb-form .kadence-blocks-form-field .kb-forms-submit{font-size:13px;}.kb-form input.kadence-blocks-field.verify{opacity:0.0;position:absolute;top:0.0;left:0.0;width:0.0;height:0.0;z-index:-1;}<\/style>\n<div class=\"wp-block-kadence-form kadence-form-35_160998-35 kb-form-wrap\"><form class=\"kb-form\" action=\"\" method=\"post\" data-error-message=\"Please fix the errors to proceed.\" data-trp-original-action=\"\"><div class=\"kadence-blocks-form-field kb-field-desk-width-100 kb-input-size-standard\"><label for=\"kb_field_35_160998-35_0\">Nom :<\/label><input name=\"kb_field_0\" id=\"kb_field_35_160998-35_0\" data-label=\"Name :\" type=\"text\" placeholder=\"\" value=\"\" data-type=\"text\" class=\"kb-field kb-text-style-field kb-text-field kb-field-0\"\/><\/div><div class=\"kadence-blocks-form-field kb-form-field-1 kb-field-desk-width-100 kb-input-size-standard\"><label for=\"kb_field_35_160998-35_1\">E-mail :<span class=\"required\">*<\/span><\/label><input name=\"kb_field_1\" id=\"kb_field_35_160998-35_1\" data-label=\"E-mail :\" type=\"email\" placeholder=\"\" value=\"\" data-type=\"email\" class=\"kb-field kb-text-style-field kb-email-field kb-field-1\" data-required=\"yes\"\/><\/div><div class=\"kadence-blocks-form-field kb-form-field-2 kb-field-desk-width-100 kb-input-size-standard\"><label for=\"kb_field_35_160998-35_2\">Message :<span class=\"required\">*<\/span><\/label><textarea name=\"kb_field_2\" id=\"kb_field_35_160998-35_2\" data-label=\"Message :\" type=\"textarea\" placeholder=\"\" data-type=\"textarea\" class=\"kb-field kb-text-style-field kb-textarea-field kb-field-2\" rows=\"4\" data-required=\"yes\"><\/textarea><\/div><input type=\"hidden\" name=\"_kb_form_id\" value=\"35_160998-35\"\/><input type=\"hidden\" name=\"_kb_form_post_id\" value=\"35\"\/><input type=\"hidden\" name=\"action\" value=\"kb_process_ajax_submit\"\/><input class=\"kadence-blocks-field verify\" type=\"text\" name=\"_kb_verify_email\" autocomplete=\"new-password\" aria-hidden=\"true\" placeholder=\"Email\" tabindex=\"-1\" data-1p-ignore=\"true\" data-lpignore=\"true\" \/><div class=\"kadence-blocks-form-field kb-submit-field kb-field-desk-width-100\"><button class=\"kb-forms-submit button kb-button-size-standard kb-button-width-full\">Envoyer<\/button><\/div><input type=\"hidden\" name=\"trp-form-language\" value=\"fr\"\/><\/form><\/div>\n<noscript><div class=\"kadence-blocks-form-message kadence-blocks-form-warning\">Veuillez activer JavaScript dans votre navigateur pour envoyer le formulaire.<\/div><style>.kadence-form-35_160998-35 .kadence-blocks-form-field.kb-submit-field { display: none; }<\/style><\/noscript><\/div><\/div>\n\n<\/div><\/div><\/div><\/div>\n\n<\/div><\/div>\n\n\n<div style=\"height:150px\" aria-hidden=\"true\" class=\"wp-block-spacer\"><\/div>","protected":false},"excerpt":{"rendered":"<p>Get in touch Hey there! Thank you for your interest in Flicks(and)Fancy. To get in touch with me, simply fill out our contact form, and I&#8217;ll get back to you in a in a New York minute!<\/p>","protected":false},"author":1,"featured_media":0,"parent":0,"menu_order":0,"comment_status":"closed","ping_status":"closed","template":"","meta":{"wprm-recipe-roundup-name":"","wprm-recipe-roundup-description":"","_kadence_starter_templates_imported_post":true,"_kad_post_transparent":"","_kad_post_title":"hide","_kad_post_layout":"","_kad_post_sidebar_id":"","_kad_post_content_style":"","_kad_post_vertical_padding":"","_kad_post_feature":"","_kad_post_feature_position":"","_kad_post_header":false,"_kad_post_footer":false,"footnotes":""},"class_list":["post-35","page","type-page","status-publish","hentry"],"_links":{"self":[{"href":"https:\/\/flicksandfancy.com\/fr\/wp-json\/wp\/v2\/pages\/35","targetHints":{"allow":["GET"]}}],"collection":[{"href":"https:\/\/flicksandfancy.com\/fr\/wp-json\/wp\/v2\/pages"}],"about":[{"href":"https:\/\/flicksandfancy.com\/fr\/wp-json\/wp\/v2\/types\/page"}],"author":[{"embeddable":true,"href":"https:\/\/flicksandfancy.com\/fr\/wp-json\/wp\/v2\/users\/1"}],"replies":[{"embeddable":true,"href":"https:\/\/flicksandfancy.com\/fr\/wp-json\/wp\/v2\/comments?post=35"}],"version-history":[{"count":13,"href":"https:\/\/flicksandfancy.com\/fr\/wp-json\/wp\/v2\/pages\/35\/revisions"}],"predecessor-version":[{"id":2358,"href":"https:\/\/flicksandfancy.com\/fr\/wp-json\/wp\/v2\/pages\/35\/revisions\/2358"}],"wp:attachment":[{"href":"https:\/\/flicksandfancy.com\/fr\/wp-json\/wp\/v2\/media?parent=35"}],"curies":[{"name":"wp","href":"https:\/\/api.w.org\/{rel}","templated":true}]}}