{"id":31,"date":"2022-08-16T13:04:30","date_gmt":"2022-08-16T13:04:30","guid":{"rendered":"https:\/\/demo.skyandstars.co\/demotheme\/?page_id=31"},"modified":"2024-08-08T05:20:01","modified_gmt":"2024-08-08T09:20:01","slug":"about","status":"publish","type":"page","link":"https:\/\/flicksandfancy.com\/fr\/about\/","title":{"rendered":"\u00e0 propos"},"content":{"rendered":"<div style=\"height:30px\" aria-hidden=\"true\" class=\"wp-block-spacer\"><\/div>\n\n\n<style>.kb-row-layout-id31_39cee1-0d > .kt-row-column-wrap{align-content:start;}:where(.kb-row-layout-id31_39cee1-0d > .kt-row-column-wrap) > .wp-block-kadence-column{justify-content:start;}.kb-row-layout-id31_39cee1-0d > .kt-row-column-wrap{column-gap:var(--global-kb-gap-md, 2rem);row-gap:var(--global-kb-gap-none, 0rem );padding-top:var(--global-kb-spacing-lg, 3rem);padding-right:0px;padding-bottom:var(--global-kb-spacing-lg, 3rem);padding-left:0px;grid-template-columns:minmax(0, 1fr);}.kb-row-layout-id31_39cee1-0d > .kt-row-layout-overlay{opacity:0.30;}@media all and (max-width: 1024px){.kb-row-layout-id31_39cee1-0d > .kt-row-column-wrap{grid-template-columns:minmax(0, 1fr);}}@media all and (max-width: 767px){.kb-row-layout-id31_39cee1-0d > .kt-row-column-wrap{padding-top:0px;padding-bottom:var(--global-kb-spacing-sm, 1.5rem);grid-template-columns:minmax(0, 1fr);}.kb-row-layout-wrap.wp-block-kadence-rowlayout.kb-row-layout-id31_39cee1-0d{background:var(--global-palette9, #ffffff);}}<\/style><div class=\"kb-row-layout-wrap kb-row-layout-id31_39cee1-0d alignfull kt-row-has-bg wp-block-kadence-rowlayout\"><div class=\"kt-row-column-wrap kt-has-1-columns kt-row-layout-equal kt-tab-layout-inherit kt-mobile-layout-row kt-row-valign-top\">\n<style>.kadence-column31_25dabd-cc > .kt-inside-inner-col,.kadence-column31_25dabd-cc > .kt-inside-inner-col:before{border-top-left-radius:0px;border-top-right-radius:0px;border-bottom-right-radius:0px;border-bottom-left-radius:0px;}.kadence-column31_25dabd-cc > .kt-inside-inner-col{column-gap:var(--global-kb-gap-sm, 1rem);}.kadence-column31_25dabd-cc > .kt-inside-inner-col{flex-direction:column;}.kadence-column31_25dabd-cc > .kt-inside-inner-col > .aligncenter{width:100%;}.kadence-column31_25dabd-cc > .kt-inside-inner-col:before{opacity:0.3;}.kadence-column31_25dabd-cc{position:relative;}@media all and (max-width: 1024px){.kadence-column31_25dabd-cc > .kt-inside-inner-col{flex-direction:column;}}@media all and (max-width: 767px){.kadence-column31_25dabd-cc > .kt-inside-inner-col{flex-direction:column;}}<\/style>\n<div class=\"wp-block-kadence-column kadence-column31_25dabd-cc\"><div class=\"kt-inside-inner-col\"><style>.kb-row-layout-id31_3c9f4d-99 > .kt-row-column-wrap{align-content:center;}:where(.kb-row-layout-id31_3c9f4d-99 > .kt-row-column-wrap) > .wp-block-kadence-column{justify-content:center;}.kb-row-layout-id31_3c9f4d-99 > .kt-row-column-wrap{column-gap:var(--global-kb-gap-md, 2rem);row-gap:var(--global-kb-gap-md, 2rem);max-width:var( --global-content-width, 1290px );padding-left:var(--global-content-edge-padding);padding-right:var(--global-content-edge-padding);padding-top:var(--global-kb-spacing-sm, 1.5rem);padding-bottom:var(--global-kb-spacing-sm, 1.5rem);grid-template-columns:minmax(0, calc(45% - ((var(--global-kb-gap-md, 2rem) * 1 )\/2)))minmax(0, calc(55% - ((var(--global-kb-gap-md, 2rem) * 1 )\/2)));}.kb-row-layout-id31_3c9f4d-99 > .kt-row-layout-overlay{opacity:0.30;}@media all and (max-width: 1024px){.kb-row-layout-id31_3c9f4d-99 > .kt-row-column-wrap{grid-template-columns:repeat(2, minmax(0, 1fr));}}@media all and (max-width: 767px){.kb-row-layout-id31_3c9f4d-99 > .kt-row-column-wrap{padding-top:0px;padding-bottom:0px;grid-template-columns:minmax(0, 1fr);}.kb-row-layout-wrap.wp-block-kadence-rowlayout.kb-row-layout-id31_3c9f4d-99{background:var(--global-palette9, #ffffff);}}<\/style><div class=\"kb-row-layout-wrap kb-row-layout-id31_3c9f4d-99 alignnone wp-block-kadence-rowlayout\"><div class=\"kt-row-column-wrap kt-has-2-columns kt-row-layout-equal kt-tab-layout-inherit kt-mobile-layout-row kt-row-valign-middle kb-theme-content-width\">\n<style>.kadence-column31_ddbd31-b9 > .kt-inside-inner-col,.kadence-column31_ddbd31-b9 > .kt-inside-inner-col:before{border-top-left-radius:0px;border-top-right-radius:0px;border-bottom-right-radius:0px;border-bottom-left-radius:0px;}.kadence-column31_ddbd31-b9 > .kt-inside-inner-col{column-gap:var(--global-kb-gap-sm, 1rem);}.kadence-column31_ddbd31-b9 > .kt-inside-inner-col{flex-direction:column;}.kadence-column31_ddbd31-b9 > .kt-inside-inner-col > .aligncenter{width:100%;}.kadence-column31_ddbd31-b9 > .kt-inside-inner-col:before{opacity:0.3;}.kadence-column31_ddbd31-b9{position:relative;}@media all and (max-width: 1024px){.kadence-column31_ddbd31-b9 > .kt-inside-inner-col{flex-direction:column;}}@media all and (max-width: 767px){.kadence-column31_ddbd31-b9 > .kt-inside-inner-col{flex-direction:column;}}<\/style>\n<div class=\"wp-block-kadence-column kadence-column31_ddbd31-b9\"><div class=\"kt-inside-inner-col\">\n<figure class=\"wp-block-image size-large\"><img loading=\"lazy\" decoding=\"async\" width=\"819\" height=\"1024\" src=\"https:\/\/flicksandfancy.com\/wp-content\/uploads\/2024\/08\/flicksandfancy_instagram_0019-819x1024.jpg\" alt=\"\" class=\"wp-image-2209\" srcset=\"https:\/\/flicksandfancy.com\/wp-content\/uploads\/2024\/08\/flicksandfancy_instagram_0019-819x1024.jpg 819w, https:\/\/flicksandfancy.com\/wp-content\/uploads\/2024\/08\/flicksandfancy_instagram_0019-240x300.jpg 240w, https:\/\/flicksandfancy.com\/wp-content\/uploads\/2024\/08\/flicksandfancy_instagram_0019-768x960.jpg 768w, https:\/\/flicksandfancy.com\/wp-content\/uploads\/2024\/08\/flicksandfancy_instagram_0019-1229x1536.jpg 1229w, https:\/\/flicksandfancy.com\/wp-content\/uploads\/2024\/08\/flicksandfancy_instagram_0019-1638x2048.jpg 1638w, https:\/\/flicksandfancy.com\/wp-content\/uploads\/2024\/08\/flicksandfancy_instagram_0019.jpg 2000w\" sizes=\"auto, (max-width: 819px) 100vw, 819px\" \/><\/figure>\n<\/div><\/div>\n\n\n<style>.kadence-column31_f95181-f2 > .kt-inside-inner-col,.kadence-column31_f95181-f2 > .kt-inside-inner-col:before{border-top-left-radius:0px;border-top-right-radius:0px;border-bottom-right-radius:0px;border-bottom-left-radius:0px;}.kadence-column31_f95181-f2 > .kt-inside-inner-col{column-gap:var(--global-kb-gap-sm, 1rem);}.kadence-column31_f95181-f2 > .kt-inside-inner-col{flex-direction:column;}.kadence-column31_f95181-f2 > .kt-inside-inner-col > .aligncenter{width:100%;}.kadence-column31_f95181-f2 > .kt-inside-inner-col:before{opacity:0.3;}.kadence-column31_f95181-f2{position:relative;}.kadence-column31_f95181-f2, .kt-inside-inner-col > .kadence-column31_f95181-f2:not(.specificity){margin-right:80px;margin-left:-120px;}@media all and (max-width: 1024px){.kadence-column31_f95181-f2 > .kt-inside-inner-col{flex-direction:column;}}@media all and (max-width: 767px){.kadence-column31_f95181-f2 > .kt-inside-inner-col{flex-direction:column;}.kadence-column31_f95181-f2, .kt-inside-inner-col > .kadence-column31_f95181-f2:not(.specificity){margin-right:0px;margin-left:0px;}}<\/style>\n<div class=\"wp-block-kadence-column kadence-column31_f95181-f2\"><div class=\"kt-inside-inner-col\"><style>.kb-row-layout-id31_fc8d53-50 > .kt-row-column-wrap{align-content:start;}:where(.kb-row-layout-id31_fc8d53-50 > .kt-row-column-wrap) > .wp-block-kadence-column{justify-content:start;}.kb-row-layout-id31_fc8d53-50 > .kt-row-column-wrap{column-gap:var(--global-kb-gap-md, 2rem);row-gap:var(--global-kb-gap-md, 2rem);padding-top:var(--global-kb-spacing-md, 2rem);padding-right:var(--global-kb-spacing-md, 2rem);padding-bottom:var(--global-kb-spacing-md, 2rem);padding-left:var(--global-kb-spacing-md, 2rem);grid-template-columns:minmax(0, 1fr);}.kb-row-layout-id31_fc8d53-50 > .kt-row-layout-overlay{opacity:0.30;}.kb-row-layout-id31_fc8d53-50{z-index:100;position:relative;}@media all and (max-width: 1024px){.kb-row-layout-id31_fc8d53-50 > .kt-row-column-wrap{grid-template-columns:minmax(0, 1fr);}}@media all and (max-width: 767px){.kb-row-layout-id31_fc8d53-50 > .kt-row-column-wrap{padding-top:var(--global-kb-spacing-sm, 1.5rem);padding-right:var(--global-kb-spacing-sm, 1.5rem);padding-bottom:var(--global-kb-spacing-sm, 1.5rem);padding-left:var(--global-kb-spacing-sm, 1.5rem);grid-template-columns:minmax(0, 1fr);}}<\/style><div class=\"kb-row-layout-wrap kb-row-layout-id31_fc8d53-50 alignnone has-theme-palette9-background-color kt-row-has-bg wp-block-kadence-rowlayout\"><div class=\"kt-row-column-wrap kt-has-1-columns kt-row-layout-equal kt-tab-layout-inherit kt-mobile-layout-row kt-row-valign-top\">\n<style>.kadence-column31_b9fde4-48 > .kt-inside-inner-col,.kadence-column31_b9fde4-48 > .kt-inside-inner-col:before{border-top-left-radius:0px;border-top-right-radius:0px;border-bottom-right-radius:0px;border-bottom-left-radius:0px;}.kadence-column31_b9fde4-48 > .kt-inside-inner-col{column-gap:var(--global-kb-gap-sm, 1rem);}.kadence-column31_b9fde4-48 > .kt-inside-inner-col{flex-direction:column;}.kadence-column31_b9fde4-48 > .kt-inside-inner-col > .aligncenter{width:100%;}.kadence-column31_b9fde4-48 > .kt-inside-inner-col:before{opacity:0.3;}.kadence-column31_b9fde4-48{position:relative;}@media all and (max-width: 1024px){.kadence-column31_b9fde4-48 > .kt-inside-inner-col{flex-direction:column;}}@media all and (max-width: 767px){.kadence-column31_b9fde4-48 > .kt-inside-inner-col{flex-direction:column;}}<\/style>\n<div class=\"wp-block-kadence-column kadence-column31_b9fde4-48\"><div class=\"kt-inside-inner-col\">\n<h2 class=\"wp-block-heading has-larger-font-size\"><strong>Apprenez \u00e0 me conna\u00eetre<\/strong><\/h2>\n\n\n\n<p class=\"nakicha_justify\">Je m'appelle Nakicha et je suis absolument ravie de vous accueillir sur mon blog Flicks(and)Fancy. En tant que passionn\u00e9e de culture, et plus particuli\u00e8rement par le cin\u00e9ma et la mode, j'ai v\u00e9ritablement trouv\u00e9 ma vocation dans ce domaine. Issue d'une famille d'artistes, avec un p\u00e8re producteur de cin\u00e9ma et une m\u00e8re \u00e9crivaine, j'ai toujours \u00e9t\u00e9 entour\u00e9 et amoureuse des arts.<\/p>\n\n\n\n<p class=\"nakicha_justify\">J'ai d\u00e9but\u00e9 ma carri\u00e8re dans le captivant monde du cin\u00e9ma. Ensuite, j'ai pris un d\u00e9tour et suis devenue \u00e9ducatrice sp\u00e9cialis\u00e9e. Mais bon, la vie est faite de changements, n'est-ce pas? Alors, apr\u00e8s de nombreuses ann\u00e9es dans le social, j'ai d\u00e9cid\u00e9 de me r\u00e9orienter professionnellement, en esp\u00e9rant me diriger vers l'industrie de la mode et de l'art.<\/p>\n\n\n\n<p class=\"nakicha_justify\">Et devinez quoi ? J'ai d\u00e9couvert le moyen id\u00e9al de combiner ces passions: gr\u00e2ce \u00e0 ce blog! <\/p>\n\n\n\n<p class=\"nakicha_justify\">Que vous soyez un professionnel de l'industrie ou simplement amateur de mode, de cin\u00e9ma et d'art, ce blog est l'endroit id\u00e9al pour vous.<\/p>\n<\/div><\/div>\n\n<\/div><\/div><\/div><\/div>\n\n<\/div><\/div><\/div><\/div>\n\n<\/div><\/div>\n\n<style>.kb-row-layout-id31_199e4d-2a > .kt-row-column-wrap{align-content:start;}:where(.kb-row-layout-id31_199e4d-2a > .kt-row-column-wrap) > .wp-block-kadence-column{justify-content:start;}.kb-row-layout-id31_199e4d-2a > .kt-row-column-wrap{column-gap:var(--global-kb-gap-md, 2rem);row-gap:var(--global-kb-gap-none, 0rem );padding-top:var(--global-kb-spacing-lg, 3rem);padding-right:0px;padding-bottom:var(--global-kb-spacing-lg, 3rem);padding-left:0px;grid-template-columns:minmax(0, 1fr);}.kb-row-layout-id31_199e4d-2a > .kt-row-layout-overlay{opacity:0.30;}@media all and (max-width: 1024px){.kb-row-layout-id31_199e4d-2a > .kt-row-column-wrap{grid-template-columns:minmax(0, 1fr);}}@media all and (max-width: 767px){.kb-row-layout-id31_199e4d-2a > .kt-row-column-wrap{padding-top:0px;padding-bottom:var(--global-kb-spacing-sm, 1.5rem);grid-template-columns:minmax(0, 1fr);}.kb-row-layout-wrap.wp-block-kadence-rowlayout.kb-row-layout-id31_199e4d-2a{background:var(--global-palette9, #ffffff);}}<\/style><div class=\"kb-row-layout-wrap kb-row-layout-id31_199e4d-2a alignfull kt-row-has-bg wp-block-kadence-rowlayout\"><div class=\"kt-row-column-wrap kt-has-1-columns kt-row-layout-equal kt-tab-layout-inherit kt-mobile-layout-row kt-row-valign-top\">\n<style>.kadence-column31_669c51-63 > .kt-inside-inner-col,.kadence-column31_669c51-63 > .kt-inside-inner-col:before{border-top-left-radius:0px;border-top-right-radius:0px;border-bottom-right-radius:0px;border-bottom-left-radius:0px;}.kadence-column31_669c51-63 > .kt-inside-inner-col{column-gap:var(--global-kb-gap-sm, 1rem);}.kadence-column31_669c51-63 > .kt-inside-inner-col{flex-direction:column;}.kadence-column31_669c51-63 > .kt-inside-inner-col > .aligncenter{width:100%;}.kadence-column31_669c51-63 > .kt-inside-inner-col:before{opacity:0.3;}.kadence-column31_669c51-63{position:relative;}@media all and (max-width: 1024px){.kadence-column31_669c51-63 > .kt-inside-inner-col{flex-direction:column;}}@media all and (max-width: 767px){.kadence-column31_669c51-63 > .kt-inside-inner-col{flex-direction:column;}}<\/style>\n<div class=\"wp-block-kadence-column kadence-column31_669c51-63\"><div class=\"kt-inside-inner-col\"><style>.kb-row-layout-id31_68bcf4-26 > .kt-row-column-wrap{align-content:center;}:where(.kb-row-layout-id31_68bcf4-26 > .kt-row-column-wrap) > .wp-block-kadence-column{justify-content:center;}.kb-row-layout-id31_68bcf4-26 > .kt-row-column-wrap{column-gap:var(--global-kb-gap-md, 2rem);row-gap:var(--global-kb-gap-md, 2rem);max-width:var( --global-content-width, 1290px );padding-left:var(--global-content-edge-padding);padding-right:var(--global-content-edge-padding);padding-top:var(--global-kb-spacing-sm, 1.5rem);padding-bottom:var(--global-kb-spacing-sm, 1.5rem);grid-template-columns:minmax(0, calc(60% - ((var(--global-kb-gap-md, 2rem) * 1 )\/2)))minmax(0, calc(40% - ((var(--global-kb-gap-md, 2rem) * 1 )\/2)));}.kb-row-layout-id31_68bcf4-26 > .kt-row-layout-overlay{opacity:0.30;}@media all and (max-width: 1024px){.kb-row-layout-id31_68bcf4-26 > .kt-row-column-wrap{grid-template-columns:repeat(2, minmax(0, 1fr));}}@media all and (max-width: 767px){.kb-row-layout-id31_68bcf4-26 > .kt-row-column-wrap{padding-top:0px;padding-bottom:0px;grid-template-columns:minmax(0, 1fr);}.kb-row-layout-wrap.wp-block-kadence-rowlayout.kb-row-layout-id31_68bcf4-26{background:var(--global-palette9, #ffffff);}}<\/style><div class=\"kb-row-layout-wrap kb-row-layout-id31_68bcf4-26 alignnone wp-block-kadence-rowlayout\"><div class=\"kt-row-column-wrap kt-has-2-columns kt-row-layout-equal kt-tab-layout-inherit kt-mobile-layout-row kt-row-valign-middle kb-theme-content-width\">\n<style>.kadence-column31_b18812-62 > .kt-inside-inner-col,.kadence-column31_b18812-62 > .kt-inside-inner-col:before{border-top-left-radius:0px;border-top-right-radius:0px;border-bottom-right-radius:0px;border-bottom-left-radius:0px;}.kadence-column31_b18812-62 > .kt-inside-inner-col{column-gap:var(--global-kb-gap-sm, 1rem);}.kadence-column31_b18812-62 > .kt-inside-inner-col{flex-direction:column;}.kadence-column31_b18812-62 > .kt-inside-inner-col > .aligncenter{width:100%;}.kadence-column31_b18812-62 > .kt-inside-inner-col:before{opacity:0.3;}.kadence-column31_b18812-62{z-index:auto;position:relative;}.kadence-column31_b18812-62, .kt-inside-inner-col > .kadence-column31_b18812-62:not(.specificity){margin-right:-80px;margin-left:120px;}@media all and (max-width: 1024px){.kadence-column31_b18812-62 > .kt-inside-inner-col{flex-direction:column;}}@media all and (max-width: 767px){.kadence-column31_b18812-62 > .kt-inside-inner-col{flex-direction:column;}.kadence-column31_b18812-62, .kt-inside-inner-col > .kadence-column31_b18812-62:not(.specificity){margin-right:0px;margin-left:0px;}}<\/style>\n<div class=\"wp-block-kadence-column kadence-column31_b18812-62\"><div class=\"kt-inside-inner-col\"><style>.kb-row-layout-id31_07b365-02 > .kt-row-column-wrap{align-content:start;}:where(.kb-row-layout-id31_07b365-02 > .kt-row-column-wrap) > .wp-block-kadence-column{justify-content:start;}.kb-row-layout-id31_07b365-02 > .kt-row-column-wrap{column-gap:var(--global-kb-gap-md, 2rem);row-gap:var(--global-kb-gap-md, 2rem);padding-top:var(--global-kb-spacing-md, 2rem);padding-right:var(--global-kb-spacing-md, 2rem);padding-bottom:var(--global-kb-spacing-md, 2rem);padding-left:var(--global-kb-spacing-md, 2rem);grid-template-columns:minmax(0, 1fr);}.kb-row-layout-id31_07b365-02{background-color:#ffffff;}.kb-row-layout-id31_07b365-02 > .kt-row-layout-overlay{opacity:0.30;}.kb-row-layout-id31_07b365-02{z-index:100;position:relative;}@media all and (max-width: 1024px){.kb-row-layout-id31_07b365-02 > .kt-row-column-wrap{grid-template-columns:minmax(0, 1fr);}}@media all and (max-width: 767px){.kb-row-layout-id31_07b365-02 > .kt-row-column-wrap{padding-top:var(--global-kb-spacing-sm, 1.5rem);padding-right:var(--global-kb-spacing-sm, 1.5rem);padding-bottom:var(--global-kb-spacing-sm, 1.5rem);padding-left:var(--global-kb-spacing-sm, 1.5rem);grid-template-columns:minmax(0, 1fr);}}<\/style><div class=\"kb-row-layout-wrap kb-row-layout-id31_07b365-02 alignnone kt-row-has-bg wp-block-kadence-rowlayout\"><div class=\"kt-row-column-wrap kt-has-1-columns kt-row-layout-equal kt-tab-layout-inherit kt-mobile-layout-row kt-row-valign-top\">\n<style>.kadence-column31_ca09c3-89 > .kt-inside-inner-col,.kadence-column31_ca09c3-89 > .kt-inside-inner-col:before{border-top-left-radius:0px;border-top-right-radius:0px;border-bottom-right-radius:0px;border-bottom-left-radius:0px;}.kadence-column31_ca09c3-89 > .kt-inside-inner-col{column-gap:var(--global-kb-gap-sm, 1rem);}.kadence-column31_ca09c3-89 > .kt-inside-inner-col{flex-direction:column;}.kadence-column31_ca09c3-89 > .kt-inside-inner-col > .aligncenter{width:100%;}.kadence-column31_ca09c3-89 > .kt-inside-inner-col:before{opacity:0.3;}.kadence-column31_ca09c3-89{position:relative;}@media all and (max-width: 1024px){.kadence-column31_ca09c3-89 > .kt-inside-inner-col{flex-direction:column;}}@media all and (max-width: 767px){.kadence-column31_ca09c3-89 > .kt-inside-inner-col{flex-direction:column;}}<\/style>\n<div class=\"wp-block-kadence-column kadence-column31_ca09c3-89\"><div class=\"kt-inside-inner-col\">\n<h2 class=\"wp-block-heading has-text-align-right has-larger-font-size\"><strong>\u00c0 propos de mon blog<\/strong><\/h2>\n\n\n\n<p class=\"has-text-align-right nakicha_justify\">Bienvenue sur mon blog, o\u00f9 je me plonge dans le monde de la mode, du cin\u00e9ma et des arts. \u00c0 travers ce dernier, je cherche \u00e0 montrer que toutes les formes d'art peuvent s'entrem\u00ealer et que la mode peut \u00eatre trouv\u00e9e partout, dans de nombreux aspects de la vie.<\/p>\n\n\n\n<p class=\"has-text-align-right nakicha_justify\">Rejoignez-moi alors que j'explore les derni\u00e8res tendances de la mode, me plonge dans le monde du cin\u00e9ma, et appr\u00e9cie l'art visuel dans ses diverses formes.<\/p>\n\n\n\n<p class=\"has-text-align-right nakicha_justify\">Que vous recherchiez de l'inspiration en mode ou que vous soyez simplement fascin\u00e9 par l'art, ce blog est fait pour vous.<\/p>\n<\/div><\/div>\n\n<\/div><\/div><\/div><\/div>\n\n\n<style>.kadence-column31_e39c36-9c > .kt-inside-inner-col,.kadence-column31_e39c36-9c > .kt-inside-inner-col:before{border-top-left-radius:0px;border-top-right-radius:0px;border-bottom-right-radius:0px;border-bottom-left-radius:0px;}.kadence-column31_e39c36-9c > .kt-inside-inner-col{column-gap:var(--global-kb-gap-sm, 1rem);}.kadence-column31_e39c36-9c > .kt-inside-inner-col{flex-direction:column;}.kadence-column31_e39c36-9c > .kt-inside-inner-col > .aligncenter{width:100%;}.kadence-column31_e39c36-9c > .kt-inside-inner-col:before{opacity:0.3;}.kadence-column31_e39c36-9c{position:relative;}@media all and (max-width: 1024px){.kadence-column31_e39c36-9c > .kt-inside-inner-col{flex-direction:column;}}@media all and (max-width: 767px){.kadence-column31_e39c36-9c > .kt-inside-inner-col{flex-direction:column;}}<\/style>\n<div class=\"wp-block-kadence-column kadence-column31_e39c36-9c\"><div class=\"kt-inside-inner-col\"><style>.wp-block-kadence-image.kb-image31_7f1ef9-9f{position:relative;z-index:-1;}.kb-image31_7f1ef9-9f .kb-image-has-overlay:after{opacity:0.3;}<\/style>\n<figure class=\"wp-block-kadence-image kb-image31_7f1ef9-9f size-large\"><img loading=\"lazy\" decoding=\"async\" width=\"1024\" height=\"1024\" src=\"https:\/\/flicksandfancy.com\/wp-content\/uploads\/2024\/08\/eyesofhoani_export-1024x1024.jpg\" alt=\"\" class=\"kb-img wp-image-2294\" srcset=\"https:\/\/flicksandfancy.com\/wp-content\/uploads\/2024\/08\/eyesofhoani_export-1024x1024.jpg 1024w, https:\/\/flicksandfancy.com\/wp-content\/uploads\/2024\/08\/eyesofhoani_export-300x300.jpg 300w, https:\/\/flicksandfancy.com\/wp-content\/uploads\/2024\/08\/eyesofhoani_export-150x150.jpg 150w, https:\/\/flicksandfancy.com\/wp-content\/uploads\/2024\/08\/eyesofhoani_export-768x768.jpg 768w, https:\/\/flicksandfancy.com\/wp-content\/uploads\/2024\/08\/eyesofhoani_export-1536x1536.jpg 1536w, https:\/\/flicksandfancy.com\/wp-content\/uploads\/2024\/08\/eyesofhoani_export-2048x2048.jpg 2048w, https:\/\/flicksandfancy.com\/wp-content\/uploads\/2024\/08\/eyesofhoani_export-12x12.jpg 12w, https:\/\/flicksandfancy.com\/wp-content\/uploads\/2024\/08\/eyesofhoani_export-500x500.jpg 500w\" sizes=\"auto, (max-width: 1024px) 100vw, 1024px\" \/><\/figure>\n<\/div><\/div>\n\n<\/div><\/div><\/div><\/div>\n\n<\/div><\/div>\n\n\n<div style=\"height:150px\" aria-hidden=\"true\" class=\"wp-block-spacer\"><\/div>","protected":false},"excerpt":{"rendered":"<p>Get to know me My name is Nakicha, and I&#8217;m super thrilled to welcome you to my blog Flicks(and)Fancy. As someone who is passionate about culture in general, but specifically the movies and fashion industries, I have truly found my calling in this space. Coming from a family of artists, with a father who is&#8230;<\/p>","protected":false},"author":1,"featured_media":0,"parent":0,"menu_order":0,"comment_status":"closed","ping_status":"closed","template":"","meta":{"wprm-recipe-roundup-name":"","wprm-recipe-roundup-description":"","_kadence_starter_templates_imported_post":true,"_kad_post_transparent":"","_kad_post_title":"hide","_kad_post_layout":"","_kad_post_sidebar_id":"","_kad_post_content_style":"","_kad_post_vertical_padding":"hide","_kad_post_feature":"","_kad_post_feature_position":"","_kad_post_header":false,"_kad_post_footer":false,"footnotes":""},"class_list":["post-31","page","type-page","status-publish","hentry"],"_links":{"self":[{"href":"https:\/\/flicksandfancy.com\/fr\/wp-json\/wp\/v2\/pages\/31","targetHints":{"allow":["GET"]}}],"collection":[{"href":"https:\/\/flicksandfancy.com\/fr\/wp-json\/wp\/v2\/pages"}],"about":[{"href":"https:\/\/flicksandfancy.com\/fr\/wp-json\/wp\/v2\/types\/page"}],"author":[{"embeddable":true,"href":"https:\/\/flicksandfancy.com\/fr\/wp-json\/wp\/v2\/users\/1"}],"replies":[{"embeddable":true,"href":"https:\/\/flicksandfancy.com\/fr\/wp-json\/wp\/v2\/comments?post=31"}],"version-history":[{"count":39,"href":"https:\/\/flicksandfancy.com\/fr\/wp-json\/wp\/v2\/pages\/31\/revisions"}],"predecessor-version":[{"id":2348,"href":"https:\/\/flicksandfancy.com\/fr\/wp-json\/wp\/v2\/pages\/31\/revisions\/2348"}],"wp:attachment":[{"href":"https:\/\/flicksandfancy.com\/fr\/wp-json\/wp\/v2\/media?parent=31"}],"curies":[{"name":"wp","href":"https:\/\/api.w.org\/{rel}","templated":true}]}}